{"id":162,"date":"2020-03-02T15:10:22","date_gmt":"2020-03-02T14:10:22","guid":{"rendered":"http:\/\/obwodnicawielunia.pl\/?page_id=162"},"modified":"2023-06-16T11:24:16","modified_gmt":"2023-06-16T09:24:16","slug":"do-pobrania","status":"publish","type":"page","link":"http:\/\/obwodnicawielunia.pl\/?page_id=162","title":{"rendered":"Do pobrania"},"content":{"rendered":"<p>[ps2id id=&#8217;dopobrania&#8217; target=&#8217;widget-title widgettitle&#8217;]<\/p>\n<p><a href=\"http:\/\/obwodnicawielunia.pl\/?page_id=766\">STE\u015a &#8211; 1 tura spotka\u0144<\/a><\/p>\n<p><a href=\"http:\/\/obwodnicawielunia.pl\/?page_id=762\">STE\u015a &#8211; 2 tura spotka\u0144<\/a><\/p>\n<p><a href=\"http:\/\/obwodnicawielunia.pl\/?page_id=789\">Analiza i prognoza ruchu<\/a><\/p>\n<p><a href=\"http:\/\/obwodnicawielunia.pl\/?page_id=840\">Podsumowanie dzia\u0142a\u0144 informacyjnych<\/a><\/p>\n<p><a href=\"http:\/\/obwodnicawielunia.pl\/?page_id=884\">Wariant preferowany<\/a><\/p>\n<p>&nbsp;<\/p>\n<p>&nbsp;<\/p>\n ","protected":false},"excerpt":{"rendered":"<p>[ps2id id=&#8217;dopobrania&#8217; target=&#8217;widget-title widgettitle&#8217;] STE\u015a &#8211; 1 tura spotka\u0144 STE\u015a &#8211; 2 tura spotka\u0144 Analiza i prognoza ruchu Podsumowanie dzia\u0142a\u0144 informacyjnych Wariant preferowany &nbsp; &nbsp;<\/p>\n","protected":false},"author":1,"featured_media":0,"parent":0,"menu_order":0,"comment_status":"closed","ping_status":"closed","template":"","meta":{"ngg_post_thumbnail":0},"_links":{"self":[{"href":"http:\/\/obwodnicawielunia.pl\/index.php?rest_route=\/wp\/v2\/pages\/162"}],"collection":[{"href":"http:\/\/obwodnicawielunia.pl\/index.php?rest_route=\/wp\/v2\/pages"}],"about":[{"href":"http:\/\/obwodnicawielunia.pl\/index.php?rest_route=\/wp\/v2\/types\/page"}],"author":[{"embeddable":true,"href":"http:\/\/obwodnicawielunia.pl\/index.php?rest_route=\/wp\/v2\/users\/1"}],"replies":[{"embeddable":true,"href":"http:\/\/obwodnicawielunia.pl\/index.php?rest_route=%2Fwp%2Fv2%2Fcomments&post=162"}],"version-history":[{"count":92,"href":"http:\/\/obwodnicawielunia.pl\/index.php?rest_route=\/wp\/v2\/pages\/162\/revisions"}],"predecessor-version":[{"id":888,"href":"http:\/\/obwodnicawielunia.pl\/index.php?rest_route=\/wp\/v2\/pages\/162\/revisions\/888"}],"wp:attachment":[{"href":"http:\/\/obwodnicawielunia.pl\/index.php?rest_route=%2Fwp%2Fv2%2Fmedia&parent=162"}],"curies":[{"name":"wp","href":"https:\/\/api.w.org\/{rel}","templated":true}]}}