{"id":23,"date":"2020-02-26T11:49:53","date_gmt":"2020-02-26T10:49:53","guid":{"rendered":"http:\/\/obwodnicawielunia.pl\/?page_id=23"},"modified":"2026-01-23T11:47:10","modified_gmt":"2026-01-23T10:47:10","slug":"harmonogram-inwestycji","status":"publish","type":"page","link":"http:\/\/obwodnicawielunia.pl\/?page_id=23","title":{"rendered":"Harmonogram inwestycji"},"content":{"rendered":"\r\n<p>&nbsp;<\/p>\r\n\r\n\r\n\r\n<figure class=\"wp-block-table\">\r\n<table>\r\n<tbody>\r\n<tr>\r\n<td><strong>ETAPY UMOWY<\/strong><\/td>\r\n<td><strong>TERMIN UMOWNY <\/strong><\/td>\r\n<td><strong>DATA<\/strong><\/td>\r\n<\/tr>\r\n<tr>\r\n<td>ETAP I<\/td>\r\n<td>\r\n<p align=\"justify\">10,5 miesi\u0105ca<\/p>\r\n<\/td>\r\n<td>\r\n<p align=\"justify\">do 29.10.2021<\/p>\r\n<\/td>\r\n<\/tr>\r\n<tr>\r\n<td>ETAP II<\/td>\r\n<td>\r\n<p align=\"justify\">69,5 miesi\u0105ca<\/p>\r\n<\/td>\r\n<td>\r\n<p align=\"justify\">do 17.07.2027<\/p>\r\n<\/td>\r\n<\/tr>\r\n<tr>\r\n<td>ETAP III<\/td>\r\n<td>13 miesi\u0119cy<\/td>\r\n<td>do 17.08.2028<\/td>\r\n<\/tr>\r\n<\/tbody>\r\n<\/table>\r\n<\/figure>\r\n\r\n\r\n\r\n<p>&nbsp;<\/p>\r\n ","protected":false},"excerpt":{"rendered":"<p>&nbsp; ETAPY UMOWY TERMIN UMOWNY DATA ETAP I 10,5 miesi\u0105ca do 29.10.2021 ETAP II 69,5 miesi\u0105ca do 17.07.2027 ETAP III 13 miesi\u0119cy do 17.08.2028 &nbsp;<\/p>\n","protected":false},"author":1,"featured_media":0,"parent":0,"menu_order":0,"comment_status":"closed","ping_status":"closed","template":"","meta":{"ngg_post_thumbnail":0},"_links":{"self":[{"href":"http:\/\/obwodnicawielunia.pl\/index.php?rest_route=\/wp\/v2\/pages\/23"}],"collection":[{"href":"http:\/\/obwodnicawielunia.pl\/index.php?rest_route=\/wp\/v2\/pages"}],"about":[{"href":"http:\/\/obwodnicawielunia.pl\/index.php?rest_route=\/wp\/v2\/types\/page"}],"author":[{"embeddable":true,"href":"http:\/\/obwodnicawielunia.pl\/index.php?rest_route=\/wp\/v2\/users\/1"}],"replies":[{"embeddable":true,"href":"http:\/\/obwodnicawielunia.pl\/index.php?rest_route=%2Fwp%2Fv2%2Fcomments&post=23"}],"version-history":[{"count":10,"href":"http:\/\/obwodnicawielunia.pl\/index.php?rest_route=\/wp\/v2\/pages\/23\/revisions"}],"predecessor-version":[{"id":928,"href":"http:\/\/obwodnicawielunia.pl\/index.php?rest_route=\/wp\/v2\/pages\/23\/revisions\/928"}],"wp:attachment":[{"href":"http:\/\/obwodnicawielunia.pl\/index.php?rest_route=%2Fwp%2Fv2%2Fmedia&parent=23"}],"curies":[{"name":"wp","href":"https:\/\/api.w.org\/{rel}","templated":true}]}}