{"id":577,"date":"2021-03-16T22:15:08","date_gmt":"2021-03-16T21:15:08","guid":{"rendered":"http:\/\/obwodnicawielunia.pl\/?page_id=577"},"modified":"2021-03-17T08:23:56","modified_gmt":"2021-03-17T07:23:56","slug":"studium-korytarzowe","status":"publish","type":"page","link":"http:\/\/obwodnicawielunia.pl\/?page_id=577","title":{"rendered":"Studium korytarzowe"},"content":{"rendered":"<p><a href=\"http:\/\/obwodnicawielunia.pl\/wp-content\/uploads\/2021\/03\/Plan_sytuacyjny_Wielun_v_02.jpg\"><img loading=\"lazy\" class=\"wp-image-580 size-large alignright\" src=\"http:\/\/obwodnicawielunia.pl\/wp-content\/uploads\/2021\/03\/Plan_sytuacyjny_Wielun_v_02-1-scaled.jpg\" alt=\"\" width=\"640\" height=\"453\"><\/a>Na etapie Studium Korytarzowego zostan\u0105 opracowane cztery warianty przebiegu obwodnicy. W miar\u0119 post\u0119pu prac projektowych poni\u017csze opisy dla poszczeg\u00f3lnych wariant\u00f3w b\u0119d\u0105 uszczeg\u00f3\u0142awiane o dodatkowe informacje zwi\u0105zane m. in. z lokalizacj\u0105 skrzy\u017cowa\u0144 i ich rodzaj\u00f3w, sposobu obs\u0142ugi teren\u00f3w przyleg\u0142ych oraz o informacje o obiektach in\u017cynierskich.<br \/>\nProjektowana obwodnica b\u0119dzie stanowi\u0107 nowy przebieg dla dr\u00f3g krajowych nr 43 i 45.<\/p>\n<p>Zaprojektowano sumarycznie cztery warianty przebiegu obwodnicy Wielunia. Dwa warianty po stronie zachodniej i dwa po stronie wschodniej miasta. Ka\u017cdy z zaprojektowanych wariant\u00f3w ko\u0144czy si\u0119 w\u0142\u0105czeniem do drogi krajowej nr 74.<\/p>\n<p>Wariant 1 (kolor b\u0142\u0119kitny) oraz wariant 2 (kolor r\u00f3\u017cowy) maj\u0105 pocz\u0105tek na drodze krajowej nr 43 po p\u00f3\u0142nocnej stronie Wielunia i stanowi\u0105 jego obej\u015bcie od strony zachodniej. D\u0142ugo\u015bci tych wariant\u00f3w to ok 9,65 km dla wariantu 1 oraz ok 10,20km dla Wariantu 2.<\/p>\n<p>&nbsp;<\/p>\n<p>Wariant 3 (\u017c\u00f3\u0142ty) oraz wariant 4 (czerwony) maj\u0105 pocz\u0105tek na drodze krajowej nr 45 po p\u00f3\u0142nocnej stronie Wielunia i stanowi\u0105 jego obej\u015bcie od strony wschodniej. D\u0142ugo\u015bci tych wariant\u00f3w to ok 9,00 km dla wariantu 3 oraz ok 12,70km dla Wariantu 4.<\/p>\n<pre>Do pobrania: <a href=\"http:\/\/obwodnicawielunia.pl\/wp-content\/uploads\/2021\/03\/Plan_sytuacyjny_Wielun_v_02.pdf\">Plan_sytuacyjny_Wielun_v 02.pdf<\/a>, wersja 20210315<\/pre>\n ","protected":false},"excerpt":{"rendered":"<p>Na etapie Studium Korytarzowego zostan\u0105 opracowane cztery warianty przebiegu obwodnicy. W miar\u0119 post\u0119pu prac projektowych poni\u017csze opisy dla poszczeg\u00f3lnych wariant\u00f3w b\u0119d\u0105 uszczeg\u00f3\u0142awiane o dodatkowe informacje zwi\u0105zane m. in. z lokalizacj\u0105 skrzy\u017cowa\u0144 i ich rodzaj\u00f3w, sposobu obs\u0142ugi teren\u00f3w przyleg\u0142ych oraz o informacje o obiektach in\u017cynierskich. Projektowana obwodnica b\u0119dzie stanowi\u0107 nowy przebieg dla dr\u00f3g krajowych nr 43 i 45. Zaprojektowano sumarycznie cztery warianty przebiegu obwodnicy Wielunia. Dwa warianty po stronie zachodniej i&hellip;<\/p>\n","protected":false},"author":1,"featured_media":0,"parent":0,"menu_order":0,"comment_status":"closed","ping_status":"closed","template":"","meta":{"ngg_post_thumbnail":0},"_links":{"self":[{"href":"http:\/\/obwodnicawielunia.pl\/index.php?rest_route=\/wp\/v2\/pages\/577"}],"collection":[{"href":"http:\/\/obwodnicawielunia.pl\/index.php?rest_route=\/wp\/v2\/pages"}],"about":[{"href":"http:\/\/obwodnicawielunia.pl\/index.php?rest_route=\/wp\/v2\/types\/page"}],"author":[{"embeddable":true,"href":"http:\/\/obwodnicawielunia.pl\/index.php?rest_route=\/wp\/v2\/users\/1"}],"replies":[{"embeddable":true,"href":"http:\/\/obwodnicawielunia.pl\/index.php?rest_route=%2Fwp%2Fv2%2Fcomments&post=577"}],"version-history":[{"count":11,"href":"http:\/\/obwodnicawielunia.pl\/index.php?rest_route=\/wp\/v2\/pages\/577\/revisions"}],"predecessor-version":[{"id":598,"href":"http:\/\/obwodnicawielunia.pl\/index.php?rest_route=\/wp\/v2\/pages\/577\/revisions\/598"}],"wp:attachment":[{"href":"http:\/\/obwodnicawielunia.pl\/index.php?rest_route=%2Fwp%2Fv2%2Fmedia&parent=577"}],"curies":[{"name":"wp","href":"https:\/\/api.w.org\/{rel}","templated":true}]}}