{"id":766,"date":"2022-06-15T13:56:39","date_gmt":"2022-06-15T11:56:39","guid":{"rendered":"http:\/\/obwodnicawielunia.pl\/?page_id=766"},"modified":"2022-06-15T14:03:39","modified_gmt":"2022-06-15T12:03:39","slug":"stes-1-tura-spotkan","status":"publish","type":"page","link":"http:\/\/obwodnicawielunia.pl\/?page_id=766","title":{"rendered":"STE\u015a &#8211; 1 tura spotka\u0144"},"content":{"rendered":"<p><a href=\"http:\/\/obwodnicawielunia.pl\/wp-content\/uploads\/2022\/04\/00_orientacja_ortoroto-0.pdf\">00_orientacja_ortoroto-0<\/a><\/p>\n<p><a href=\"http:\/\/obwodnicawielunia.pl\/wp-content\/uploads\/2022\/04\/00_orientacja-0.pdf\">00_orientacja-0<\/a><\/p>\n<p><a href=\"http:\/\/obwodnicawielunia.pl\/wp-content\/uploads\/2022\/04\/d_legenda-1.pdf\">d_legenda-1<\/a><\/p>\n<p><a href=\"http:\/\/obwodnicawielunia.pl\/wp-content\/uploads\/2022\/04\/STES_ogloszenie_Wielun.pdf\">STES_og\u0142oszenie_Wielun<\/a><\/p>\n<p><a href=\"http:\/\/obwodnicawielunia.pl\/wp-content\/uploads\/2022\/04\/STES_plakat_Wielun.pdf\">STES_plakat_Wielun<\/a><\/p>\n<p><a href=\"http:\/\/obwodnicawielunia.pl\/wp-content\/uploads\/2022\/04\/STES_ulotka_Wielun.pdf\">STES_ulotka_Wielu\u0144<\/a><\/p>\n<p><a href=\"http:\/\/obwodnicawielunia.pl\/wp-content\/uploads\/2022\/04\/STES_Wniosek-wlascicieli-gruntow-Wielun.pdf\">STES_Wniosek w\u0142a\u015bcicieli grunt\u00f3w Wielun<\/a><\/p>\n<p><a href=\"http:\/\/obwodnicawielunia.pl\/wp-content\/uploads\/2022\/04\/W1_Plany_styuacyjne.pdf\">W1_Plany_sytuacyjne<\/a><\/p>\n<p><a href=\"http:\/\/obwodnicawielunia.pl\/wp-content\/uploads\/2022\/04\/W2_Plany_sytuacyjne.pdf\">W2_Plany_sytuacyjne<\/a><\/p>\n<p><a href=\"http:\/\/obwodnicawielunia.pl\/wp-content\/uploads\/2022\/04\/W3_Plany_sytuacyjne.pdf\">W3_Plany_sytuacyjne<\/a><\/p>\n ","protected":false},"excerpt":{"rendered":"<p>00_orientacja_ortoroto-0 00_orientacja-0 d_legenda-1 STES_og\u0142oszenie_Wielun STES_plakat_Wielun STES_ulotka_Wielu\u0144 STES_Wniosek w\u0142a\u015bcicieli grunt\u00f3w Wielun W1_Plany_sytuacyjne W2_Plany_sytuacyjne W3_Plany_sytuacyjne<\/p>\n","protected":false},"author":1,"featured_media":0,"parent":0,"menu_order":0,"comment_status":"closed","ping_status":"closed","template":"","meta":{"ngg_post_thumbnail":0},"_links":{"self":[{"href":"http:\/\/obwodnicawielunia.pl\/index.php?rest_route=\/wp\/v2\/pages\/766"}],"collection":[{"href":"http:\/\/obwodnicawielunia.pl\/index.php?rest_route=\/wp\/v2\/pages"}],"about":[{"href":"http:\/\/obwodnicawielunia.pl\/index.php?rest_route=\/wp\/v2\/types\/page"}],"author":[{"embeddable":true,"href":"http:\/\/obwodnicawielunia.pl\/index.php?rest_route=\/wp\/v2\/users\/1"}],"replies":[{"embeddable":true,"href":"http:\/\/obwodnicawielunia.pl\/index.php?rest_route=%2Fwp%2Fv2%2Fcomments&post=766"}],"version-history":[{"count":3,"href":"http:\/\/obwodnicawielunia.pl\/index.php?rest_route=\/wp\/v2\/pages\/766\/revisions"}],"predecessor-version":[{"id":770,"href":"http:\/\/obwodnicawielunia.pl\/index.php?rest_route=\/wp\/v2\/pages\/766\/revisions\/770"}],"wp:attachment":[{"href":"http:\/\/obwodnicawielunia.pl\/index.php?rest_route=%2Fwp%2Fv2%2Fmedia&parent=766"}],"curies":[{"name":"wp","href":"https:\/\/api.w.org\/{rel}","templated":true}]}}